{"id":414,"date":"2016-03-09T14:46:35","date_gmt":"2016-03-09T13:46:35","guid":{"rendered":"http:\/\/bridge16.qodeinteractive.com\/?page_id=7"},"modified":"2020-06-16T20:21:09","modified_gmt":"2020-06-16T18:21:09","slug":"home","status":"publish","type":"page","link":"https:\/\/www.couleur-chanvre.com\/blog\/","title":{"rendered":"Le blog Couleur Chanvre"},"content":{"rendered":"<p>[vc_row css_animation=\u00a0\u00bb\u00a0\u00bb row_type=\u00a0\u00bbrow\u00a0\u00bb use_row_as_full_screen_section=\u00a0\u00bbno\u00a0\u00bb type=\u00a0\u00bbgrid\u00a0\u00bb angled_section=\u00a0\u00bbno\u00a0\u00bb text_align=\u00a0\u00bbcenter\u00a0\u00bb background_image_as_pattern=\u00a0\u00bbwithout_pattern\u00a0\u00bb css=\u00a0\u00bb.vc_custom_1580251037234{padding-top: 150px !important;padding-bottom: 150px !important;background-image: url(https:\/\/www.couleur-chanvre.com\/blog\/wp-content\/uploads\/2020\/01\/blog-couleur-chanvre.jpg?id=3660) !important;background-position: center !important;background-repeat: no-repeat !important;background-size: cover !important;}\u00a0\u00bb][vc_column][vc_column_text css=\u00a0\u00bb.vc_custom_1580251149528{padding-top: 60px !important;padding-bottom: 10px !important;}\u00a0\u00bb]<\/p>\n<h1 style=\"text-align: center; font-size: 38px;\"><span style=\"color: #ffffff;\">Le Blog CC<\/span><\/h1>\n<p>[\/vc_column_text][vc_separator type=\u00a0\u00bbsmall\u00a0\u00bb position=\u00a0\u00bbcenter\u00a0\u00bb color=\u00a0\u00bb#919191&Prime;][vc_column_text css=\u00a0\u00bb.vc_custom_1580251122605{padding-top: 60px !important;padding-bottom: 50px !important;}\u00a0\u00bb]<\/p>\n<p style=\"text-align: center;\"><strong><span style=\"color: #ffffff; font-size: 22px;\">Nous avons pris notre plus belle plume&#8230;<\/span><\/strong><\/p>\n<p>[\/vc_column_text][\/vc_column][\/vc_row][vc_row css_animation=\u00a0\u00bb\u00a0\u00bb row_type=\u00a0\u00bbrow\u00a0\u00bb use_row_as_full_screen_section=\u00a0\u00bbno\u00a0\u00bb type=\u00a0\u00bbfull_width\u00a0\u00bb angled_section=\u00a0\u00bbno\u00a0\u00bb text_align=\u00a0\u00bbleft\u00a0\u00bb background_image_as_pattern=\u00a0\u00bbwithout_pattern\u00a0\u00bb css=\u00a0\u00bb.vc_custom_1498493515882{padding-top: 70px !important;padding-bottom: 70px !important;}\u00a0\u00bb][vc_column][vc_column_text]<\/p>\n<h2 style=\"text-align: center;\">Les derniers articles<\/h2>\n<p>[\/vc_column_text][\/vc_column][\/vc_row][vc_row css_animation=\u00a0\u00bb\u00a0\u00bb row_type=\u00a0\u00bbrow\u00a0\u00bb use_row_as_full_screen_section=\u00a0\u00bbno\u00a0\u00bb type=\u00a0\u00bbgrid\u00a0\u00bb in_content_menu=\u00a0\u00bbin_content_menu\u00a0\u00bb content_menu_icon=\u00a0\u00bb\u00a0\u00bb angled_section=\u00a0\u00bbno\u00a0\u00bb text_align=\u00a0\u00bbcenter\u00a0\u00bb background_image_as_pattern=\u00a0\u00bbwithout_pattern\u00a0\u00bb css=\u00a0\u00bb.vc_custom_1498493499149{padding-bottom: 70px !important;}\u00a0\u00bb][vc_column width=\u00a0\u00bb1\/3&Prime;][vc_single_image image=\u00a0\u00bb3665&Prime; img_size=\u00a0\u00bblarge\u00a0\u00bb alignment=\u00a0\u00bbcenter\u00a0\u00bb qode_css_animation=\u00a0\u00bb\u00a0\u00bb][vc_column_text css=\u00a0\u00bb.vc_custom_1498492460423{padding-top: 30px !important;padding-bottom: 30px !important;}\u00a0\u00bb]<\/p>\n<h3 style=\"text-align: center;\"><a href=\"https:\/\/www.couleur-chanvre.com\/blog\/bien-etre\/\" rel=\"nofollow\"><span style=\"color: #ddac61;\"><strong>Le guide du bien-\u00eatre au quotidien<\/strong><\/span><\/a><\/h3>\n<p>[\/vc_column_text][vc_column_text]Stress, fatigue, nutrition, travail, sommeil, relaxation&#8230;<br \/>\nVous saurez tout sur le bien \u00eatre et toutes les m\u00e9thodes pour l&rsquo;am\u00e9liorer jour apr\u00e8s jour.[\/vc_column_text][\/vc_column][vc_column width=\u00a0\u00bb1\/3&Prime;][vc_single_image image=\u00a0\u00bb3670&Prime; img_size=\u00a0\u00bblarge\u00a0\u00bb alignment=\u00a0\u00bbcenter\u00a0\u00bb qode_css_animation=\u00a0\u00bb\u00a0\u00bb][vc_column_text css=\u00a0\u00bb.vc_custom_1498492260748{padding-top: 30px !important;padding-bottom: 30px !important;}\u00a0\u00bb]<\/p>\n<h3 style=\"text-align: center;\"><a href=\"https:\/\/www.couleur-chanvre.com\/blog\/linge-de-lit-bio\/\" rel=\"nofollow\"><span style=\"color: #ddac61;\"><strong>Tout savoir sur le linge de lit BIO<\/strong><\/span><\/a><\/h3>\n<p>[\/vc_column_text][vc_column_text]Les produits issus de l\u2019agriculture biologique sont de plus pris\u00e9s, il en va de m\u00eame pour le linge de lit naturel, Bio ou \u00e9cologique. Mais qu\u2019appelle-t-on Linge de lit Bio ou \u00e9cologique exactement ?[\/vc_column_text][\/vc_column][vc_column width=\u00a0\u00bb1\/3&Prime;][vc_single_image image=\u00a0\u00bb3763&Prime; img_size=\u00a0\u00bblarge\u00a0\u00bb alignment=\u00a0\u00bbcenter\u00a0\u00bb qode_css_animation=\u00a0\u00bb\u00a0\u00bb][vc_column_text css=\u00a0\u00bb.vc_custom_1498492361583{padding-top: 30px !important;padding-bottom: 30px !important;}\u00a0\u00bb]<\/p>\n<h3 style=\"text-align: center;\"><a href=\"https:\/\/www.couleur-chanvre.com\/blog\/linge-de-maison-france\/\" rel=\"nofollow\"><span style=\"color: #ddac61;\"><strong>Le guide du linge de maison<\/strong><\/span><\/a><\/h3>\n<p>[\/vc_column_text][vc_column_text]S\u2019encrant dans les traditions r\u00e9gionales, le linge de maison en France s\u2019appuie sur une histoire et un savoir faire ancien qui m\u00e9ritent d\u2019\u00eatre racont\u00e9.[\/vc_column_text][\/vc_column][\/vc_row][vc_row css_animation=\u00a0\u00bb\u00a0\u00bb row_type=\u00a0\u00bbrow\u00a0\u00bb use_row_as_full_screen_section=\u00a0\u00bbno\u00a0\u00bb type=\u00a0\u00bbgrid\u00a0\u00bb angled_section=\u00a0\u00bbno\u00a0\u00bb text_align=\u00a0\u00bbleft\u00a0\u00bb background_image_as_pattern=\u00a0\u00bbwithout_pattern\u00a0\u00bb css=\u00a0\u00bb.vc_custom_1498493536285{padding-top: 70px !important;padding-bottom: 70px !important;background-color: #f4f4f4 !important;}\u00a0\u00bb][vc_column][vc_column_text css=\u00a0\u00bb.vc_custom_1498488716088{padding-bottom: 50px !important;}\u00a0\u00bb]<\/p>\n<h2 style=\"text-align: center;\">Pourquoi un Blog ?<\/h2>\n<p>[\/vc_column_text][vc_column_text css=\u00a0\u00bb.vc_custom_1554366881024{padding-bottom: 0px !important;}\u00a0\u00bb]Bon, si vous ne le saviez pas, nous notre truc, <strong>c&rsquo;est le Chanvre et depuis peu le Lin et le coton d&rsquo;Egypte<\/strong>.<br \/>\nNotre passion, c&rsquo;est cr\u00e9er du linge de maison avec ces mati\u00e8res authentiques, ces fibres natures et brutes. Notre volont\u00e9 est de proposer des articles 100% naturels, qui respectent l&rsquo;environnement, de la culture de la plante jusqu&rsquo;\u00e0 la teinture, et par la m\u00eame occasion ne contiennent aucun produit nocif pour l&rsquo;\u00eatre humain.<br \/>\nAussi nous sommes tr\u00e8s sensibles \u00e0 certains th\u00e8mes qui sont pour nous en coh\u00e9rence totale avec <strong>la d\u00e9marche Couleur Chanvre<\/strong>.<\/p>\n<p>&nbsp;<\/p>\n<p>Nous avons donc d\u00e9cid\u00e9 de venir exposer ici les sujets qui nous passionnent : la nature et son respect, les modes de consommation alternatifs, le textile aussi bien s\u00fbr, mais aussi la bonne alimentation, la bonne sant\u00e9 du corps et de l&rsquo;esprit, et tous ce qui nous rapproche d&rsquo;une vie zen et harmonieuse, loin de l&rsquo;agitation du monde actuel.[\/vc_column_text][\/vc_column][\/vc_row][vc_row css_animation=\u00a0\u00bb\u00a0\u00bb row_type=\u00a0\u00bbrow\u00a0\u00bb use_row_as_full_screen_section=\u00a0\u00bbno\u00a0\u00bb type=\u00a0\u00bbfull_width\u00a0\u00bb angled_section=\u00a0\u00bbno\u00a0\u00bb text_align=\u00a0\u00bbleft\u00a0\u00bb background_image=\u00a0\u00bb1895&Prime; background_image_as_pattern=\u00a0\u00bbwithout_pattern\u00a0\u00bb css=\u00a0\u00bb.vc_custom_1508843928964{padding-top: 100px !important;padding-bottom: 100px !important;background-image: url(https:\/\/www.couleur-chanvre.com\/blog\/wp-content\/uploads\/2016\/03\/vivre-zen.jpg?id=1895) !important;}\u00a0\u00bb][vc_column][vc_column_text]<\/p>\n<p style=\"text-align: center; font-size: 38px;\"><a href=\"https:\/\/www.couleur-chanvre.com\/blog\/etre-zen-methodes-rester-zen\/\" rel=\"nofollow\"><strong><span style=\"color: #ffffff;\">VIVRE ZEN<\/span><\/strong><\/a><\/p>\n<p>[\/vc_column_text][vc_separator type=\u00a0\u00bbsmall\u00a0\u00bb position=\u00a0\u00bbcenter\u00a0\u00bb color=\u00a0\u00bb#ffffff\u00a0\u00bb][vc_column_text css=\u00a0\u00bb.vc_custom_1508847332889{padding-top: 40px !important;padding-bottom: 60px !important;}\u00a0\u00bb]<\/p>\n<p style=\"text-align: center; font-size: 24px;\"><a href=\"https:\/\/www.couleur-chanvre.com\/blog\/huiles-essentielles-aromatherapie\/\" rel=\"nofollow\"><strong><span style=\"color: #ffffff;\">Tout savoir sur les huiles essentielles<\/span><\/strong><\/a><\/p>\n<p>&nbsp;<\/p>\n<p style=\"text-align: center; font-size: 24px;\"><a href=\"https:\/\/www.couleur-chanvre.com\/blog\/feng-shui-maison\/\" rel=\"nofollow\"><strong><span style=\"color: #ffffff;\">Tout savoir sur le Feng Shui<\/span><\/strong><\/a><\/p>\n<p>&nbsp;<\/p>\n<p style=\"text-align: center; color: #ffffff; font-size: 24px;\"><a href=\"https:\/\/www.couleur-chanvre.com\/blog\/yoga\/\" rel=\"nofollow\"><strong><span style=\"color: #ffffff;\">Tout savoir sur le Yoga<\/span><\/strong><\/a><\/p>\n<p>[\/vc_column_text][\/vc_column][\/vc_row][vc_row css_animation=\u00a0\u00bb\u00a0\u00bb row_type=\u00a0\u00bbrow\u00a0\u00bb use_row_as_full_screen_section=\u00a0\u00bbno\u00a0\u00bb type=\u00a0\u00bbfull_width\u00a0\u00bb angled_section=\u00a0\u00bbno\u00a0\u00bb text_align=\u00a0\u00bbleft\u00a0\u00bb background_image=\u00a0\u00bb1895&Prime; background_image_as_pattern=\u00a0\u00bbwithout_pattern\u00a0\u00bb css=\u00a0\u00bb.vc_custom_1580655762652{padding-top: 100px !important;padding-bottom: 100px !important;background-image: url(https:\/\/www.couleur-chanvre.com\/blog\/wp-content\/uploads\/2020\/02\/Comment-bien-dormir-Les-re\u0300gles-pour-mieux-dormir.jpg?id=3702) !important;}\u00a0\u00bb][vc_column][vc_column_text]<\/p>\n<p style=\"text-align: center; font-size: 38px;\"><a href=\"https:\/\/www.couleur-chanvre.com\/blog\/bien-dormir-regles-mieux-dormir\/\" rel=\"nofollow\"><strong><span style=\"color: #ffffff;\">BIEN DORMIR<\/span><\/strong><\/a><\/p>\n<p>[\/vc_column_text][vc_separator type=\u00a0\u00bbsmall\u00a0\u00bb position=\u00a0\u00bbcenter\u00a0\u00bb color=\u00a0\u00bb#ffffff\u00a0\u00bb][vc_column_text css=\u00a0\u00bb.vc_custom_1515857480451{padding-top: 40px !important;padding-bottom: 60px !important;}\u00a0\u00bb]<\/p>\n<p style=\"text-align: center; color: #ffffff; font-size: 24px;\"><a href=\"https:\/\/www.couleur-chanvre.com\/blog\/temperature-ideale-chambre-sommeil\/\" rel=\"nofollow\"><strong><span style=\"color: #ffffff;\">Quelle temp\u00e9rature id\u00e9ale pour dormir ?<\/span><\/strong><\/a><\/p>\n<p>&nbsp;<\/p>\n<p style=\"text-align: center; color: #ffffff; font-size: 24px;\"><a href=\"https:\/\/www.couleur-chanvre.com\/blog\/lalimentation-troubles-sommeil-aliments-bien-dormir\/\" rel=\"nofollow\"><strong><span style=\"color: #ffffff;\">L&rsquo;alimentation et les troubles du sommeil<\/span><\/strong><\/a><\/p>\n<p>&nbsp;<\/p>\n<p style=\"text-align: center; color: #ffffff; font-size: 24px;\"><a href=\"https:\/\/www.couleur-chanvre.com\/blog\/effets-de-lumiere-sommeil-lumiere-rythme-veille-sommeil\/\" rel=\"nofollow\"><strong><span style=\"color: #ffffff;\">Les effets de la lumi\u00e8re sur le sommeil<\/span><\/strong><\/a><\/p>\n<p>[\/vc_column_text][\/vc_column][\/vc_row][vc_row css_animation=\u00a0\u00bb\u00a0\u00bb row_type=\u00a0\u00bbrow\u00a0\u00bb use_row_as_full_screen_section=\u00a0\u00bbno\u00a0\u00bb type=\u00a0\u00bbfull_width\u00a0\u00bb angled_section=\u00a0\u00bbno\u00a0\u00bb text_align=\u00a0\u00bbleft\u00a0\u00bb background_image=\u00a0\u00bb1895&Prime; background_image_as_pattern=\u00a0\u00bbwithout_pattern\u00a0\u00bb css=\u00a0\u00bb.vc_custom_1580655777564{padding-top: 100px !important;padding-bottom: 100px !important;background-image: url(https:\/\/www.couleur-chanvre.com\/blog\/wp-content\/uploads\/2020\/02\/Maison-saine-Comment-rendre-votre-inte\u0301rieur-sain-.jpg?id=3707) !important;}\u00a0\u00bb][vc_column][vc_column_text]<\/p>\n<p style=\"text-align: center; font-size: 38px;\"><a href=\"https:\/\/www.couleur-chanvre.com\/blog\/maison-saine-comment-rendre-votre-interieur-sain\/\" rel=\"nofollow\"><strong><span style=\"color: #ffffff;\">MAISON SAINE<\/span><\/strong><\/a><\/p>\n<p>[\/vc_column_text][vc_separator type=\u00a0\u00bbsmall\u00a0\u00bb position=\u00a0\u00bbcenter\u00a0\u00bb color=\u00a0\u00bb#ffffff\u00a0\u00bb][vc_column_text css=\u00a0\u00bb.vc_custom_1514364161125{padding-top: 40px !important;padding-bottom: 60px !important;}\u00a0\u00bb]<\/p>\n<p style=\"text-align: center; color: #ffffff; font-size: 24px;\"><a href=\"https:\/\/www.couleur-chanvre.com\/blog\/anti-acariens-guide-pour-lutter-contre-acariens\/\" rel=\"nofollow\"><strong><span style=\"color: #ffffff;\">Comment lutter contre les acariens ?<\/span><\/strong><\/a><\/p>\n<p>&nbsp;<\/p>\n<p style=\"text-align: center; color: #ffffff; font-size: 24px;\"><a href=\"https:\/\/www.couleur-chanvre.com\/blog\/pollution-interieure-eviter-produits-toxiques-maison\/\" rel=\"nofollow\"><strong><span style=\"color: #ffffff;\">Eviter les produits domestiques toxiques<\/span><\/strong><\/a><\/p>\n<p>&nbsp;<\/p>\n<p style=\"text-align: center; color: #ffffff; font-size: 24px;\"><a href=\"https:\/\/www.couleur-chanvre.com\/blog\/plante-depolluante-plante-assainissante-interieur\/\" rel=\"nofollow\"><strong><span style=\"color: #ffffff;\">Le guide des plantes d\u00e9polluantes<\/span><\/strong><\/a><\/p>\n<p>[\/vc_column_text][\/vc_column][\/vc_row][vc_row css_animation=\u00a0\u00bb\u00a0\u00bb row_type=\u00a0\u00bbrow\u00a0\u00bb use_row_as_full_screen_section=\u00a0\u00bbno\u00a0\u00bb type=\u00a0\u00bbfull_width\u00a0\u00bb angled_section=\u00a0\u00bbno\u00a0\u00bb text_align=\u00a0\u00bbleft\u00a0\u00bb background_image=\u00a0\u00bb1895&Prime; background_image_as_pattern=\u00a0\u00bbwithout_pattern\u00a0\u00bb css=\u00a0\u00bb.vc_custom_1580656315873{padding-top: 100px !important;padding-bottom: 100px !important;background-image: url(https:\/\/www.couleur-chanvre.com\/blog\/wp-content\/uploads\/2020\/02\/linge-de-maison.jpg?id=3710) !important;}\u00a0\u00bb][vc_column][vc_column_text]<\/p>\n<p style=\"text-align: center; font-size: 38px;\"><a href=\"https:\/\/www.couleur-chanvre.com\/blog\/linge-de-maison-france\/\" rel=\"nofollow\"><strong><span style=\"color: #ffffff;\">LINGE DE MAISON<\/span><\/strong><\/a><\/p>\n<p>[\/vc_column_text][vc_separator type=\u00a0\u00bbsmall\u00a0\u00bb position=\u00a0\u00bbcenter\u00a0\u00bb color=\u00a0\u00bb#ffffff\u00a0\u00bb][vc_column_text css=\u00a0\u00bb.vc_custom_1514364236584{padding-top: 40px !important;padding-bottom: 60px !important;}\u00a0\u00bb]<\/p>\n<p style=\"text-align: center; color: #ffffff; font-size: 24px;\"><a href=\"https:\/\/www.couleur-chanvre.com\/blog\/linge-de-lit\/\" rel=\"nofollow\"><strong><span style=\"color: #ffffff;\">Tout savoir sur le linge de lit<\/span><\/strong><\/a><\/p>\n<p>&nbsp;<\/p>\n<p style=\"text-align: center; color: #ffffff; font-size: 24px;\"><a href=\"https:\/\/www.couleur-chanvre.com\/blog\/linge-de-table\/\" rel=\"nofollow\"><strong><span style=\"color: #ffffff;\">Tout savoir sur le linge de table<\/span><\/strong><\/a><\/p>\n<p>&nbsp;<\/p>\n<p style=\"text-align: center; color: #ffffff; font-size: 24px;\"><a href=\"https:\/\/www.couleur-chanvre.com\/blog\/linge-de-lit-bio\/\" rel=\"nofollow\"><strong><span style=\"color: #ffffff;\">Le linge de lit bio et naturel<\/span><\/strong><\/a><\/p>\n<p>[\/vc_column_text][\/vc_column][\/vc_row][vc_row css_animation=\u00a0\u00bb\u00a0\u00bb row_type=\u00a0\u00bbrow\u00a0\u00bb use_row_as_full_screen_section=\u00a0\u00bbno\u00a0\u00bb type=\u00a0\u00bbfull_width\u00a0\u00bb angled_section=\u00a0\u00bbno\u00a0\u00bb text_align=\u00a0\u00bbleft\u00a0\u00bb background_image=\u00a0\u00bb1895&Prime; background_image_as_pattern=\u00a0\u00bbwithout_pattern\u00a0\u00bb css=\u00a0\u00bb.vc_custom_1580809450813{padding-top: 100px !important;padding-bottom: 100px !important;background-image: url(https:\/\/www.couleur-chanvre.com\/blog\/wp-content\/uploads\/2020\/02\/nutrition.jpg?id=3767) !important;}\u00a0\u00bb][vc_column][vc_column_text]<\/p>\n<p style=\"text-align: center; font-size: 38px;\"><a href=\"https:\/\/www.couleur-chanvre.com\/blog\/manger-sainement-guide-alimentation-saine\/\" rel=\"nofollow\"><strong><span style=\"color: #ffffff;\">NUTRITION<\/span><\/strong><\/a><\/p>\n<p>[\/vc_column_text][vc_separator type=\u00a0\u00bbsmall\u00a0\u00bb position=\u00a0\u00bbcenter\u00a0\u00bb color=\u00a0\u00bb#ffffff\u00a0\u00bb][vc_column_text css=\u00a0\u00bb.vc_custom_1520941487469{padding-top: 40px !important;padding-bottom: 60px !important;}\u00a0\u00bb]<\/p>\n<p style=\"text-align: center; color: #ffffff; font-size: 24px;\"><a href=\"https:\/\/www.couleur-chanvre.com\/blog\/equilibre-alimentaire-le-potentiel-sante-des-aliments\/\" rel=\"nofollow\"><strong><span style=\"color: #ffffff;\">Le potentiel sant\u00e9 des aliments<\/span><\/strong><\/a><\/p>\n<p>&nbsp;<\/p>\n<p style=\"text-align: center; color: #ffffff; font-size: 24px;\"><a href=\"https:\/\/www.couleur-chanvre.com\/blog\/alimentation-bio-guide-et-avantages-du-manger-bio\/\" rel=\"nofollow\"><strong><span style=\"color: #ffffff;\">Le guide de la nourriture Bio<\/span><\/strong><\/a><\/p>\n<p>&nbsp;<\/p>\n<p style=\"text-align: center; color: #ffffff; font-size: 24px;\"><a href=\"https:\/\/www.couleur-chanvre.com\/blog\/cuisine-saine-guide-pour-cuisiner-sainement\/\" rel=\"nofollow\"><strong><span style=\"color: #ffffff;\">Comment bien cuisiner ses aliments ?<\/span><\/strong><\/a><\/p>\n<p>[\/vc_column_text][\/vc_column][\/vc_row]<\/p>\n","protected":false},"excerpt":{"rendered":"<p>[vc_row css_animation=\u00a0\u00bb\u00a0\u00bb row_type=\u00a0\u00bbrow\u00a0\u00bb use_row_as_full_screen_section=\u00a0\u00bbno\u00a0\u00bb type=\u00a0\u00bbgrid\u00a0\u00bb angled_section=\u00a0\u00bbno\u00a0\u00bb text_align=\u00a0\u00bbcenter\u00a0\u00bb background_image_as_pattern=\u00a0\u00bbwithout_pattern\u00a0\u00bb css=\u00a0\u00bb.vc_custom_1580251037234{padding-top: 150px !important;padding-bottom: 150px !important;background-image: url(https:\/\/www.couleur-chanvre.com\/blog\/wp-content\/uploads\/2020\/01\/blog-couleur-chanvre.jpg?id=3660) !important;background-position: center !important;background-repeat: no-repeat !important;background-size: cover !important;}\u00a0\u00bb][vc_column][vc_column_text css=\u00a0\u00bb.vc_custom_1580251149528{padding-top: 60px !important;padding-bottom: 10px !important;}\u00a0\u00bb] Le Blog CC [\/vc_column_text][vc_separator type=\u00a0\u00bbsmall\u00a0\u00bb position=\u00a0\u00bbcenter\u00a0\u00bb color=\u00a0\u00bb#919191&Prime;][vc_column_text css=\u00a0\u00bb.vc_custom_1580251122605{padding-top: 60px !important;padding-bottom: 50px !important;}\u00a0\u00bb] Nous avons pris notre plus belle plume&#8230;&#8230;<\/p>\n","protected":false},"author":3,"featured_media":0,"parent":0,"menu_order":0,"comment_status":"closed","ping_status":"closed","template":"full_width.php","meta":{"_mo_disable_npp":"","footnotes":""},"class_list":["post-414","page","type-page","status-publish","hentry"],"yoast_head":"<!-- This site is optimized with the Yoast SEO plugin v23.7 - https:\/\/yoast.com\/wordpress\/plugins\/seo\/ -->\n<title>Le blog Couleur Chanvre - Blog Couleur Chanvre<\/title>\n<meta name=\"robots\" content=\"index, follow, max-snippet:-1, max-image-preview:large, max-video-preview:-1\" \/>\n<link rel=\"canonical\" href=\"https:\/\/www.couleur-chanvre.com\/blog\/\" \/>\n<meta property=\"og:locale\" content=\"fr_FR\" \/>\n<meta property=\"og:type\" content=\"article\" \/>\n<meta property=\"og:title\" content=\"Le blog Couleur Chanvre - Blog Couleur Chanvre\" \/>\n<meta property=\"og:description\" content=\"[vc_row css_animation=\u00a0\u00bb\u00a0\u00bb row_type=\u00a0\u00bbrow\u00a0\u00bb use_row_as_full_screen_section=\u00a0\u00bbno\u00a0\u00bb type=\u00a0\u00bbgrid\u00a0\u00bb angled_section=\u00a0\u00bbno\u00a0\u00bb text_align=\u00a0\u00bbcenter\u00a0\u00bb background_image_as_pattern=\u00a0\u00bbwithout_pattern\u00a0\u00bb css=\u00a0\u00bb.vc_custom_1580251037234{padding-top: 150px !important;padding-bottom: 150px !important;background-image: url(https:\/\/www.couleur-chanvre.com\/blog\/wp-content\/uploads\/2020\/01\/blog-couleur-chanvre.jpg?id=3660) !important;background-position: center !important;background-repeat: no-repeat !important;background-size: cover !important;}\u00a0\u00bb][vc_column][vc_column_text css=\u00a0\u00bb.vc_custom_1580251149528{padding-top: 60px !important;padding-bottom: 10px !important;}\u00a0\u00bb] Le Blog CC [\/vc_column_text][vc_separator type=\u00a0\u00bbsmall\u00a0\u00bb position=\u00a0\u00bbcenter\u00a0\u00bb color=\u00a0\u00bb#919191&Prime;][vc_column_text css=\u00a0\u00bb.vc_custom_1580251122605{padding-top: 60px !important;padding-bottom: 50px !important;}\u00a0\u00bb] Nous avons pris notre plus belle plume&#8230;...\" \/>\n<meta property=\"og:url\" content=\"https:\/\/www.couleur-chanvre.com\/blog\/\" \/>\n<meta property=\"og:site_name\" content=\"Blog Couleur Chanvre\" \/>\n<meta property=\"article:publisher\" content=\"https:\/\/fr-fr.facebook.com\/couleurchanvre\" \/>\n<meta property=\"article:modified_time\" content=\"2020-06-16T18:21:09+00:00\" \/>\n<meta name=\"twitter:card\" content=\"summary_large_image\" \/>\n<meta name=\"twitter:label1\" content=\"Dur\u00e9e de lecture estim\u00e9e\" \/>\n\t<meta name=\"twitter:data1\" content=\"6 minutes\" \/>\n<script type=\"application\/ld+json\" class=\"yoast-schema-graph\">{\"@context\":\"https:\/\/schema.org\",\"@graph\":[{\"@type\":\"WebPage\",\"@id\":\"https:\/\/www.couleur-chanvre.com\/blog\/\",\"url\":\"https:\/\/www.couleur-chanvre.com\/blog\/\",\"name\":\"Le blog Couleur Chanvre - Blog Couleur Chanvre\",\"isPartOf\":{\"@id\":\"https:\/\/www.couleur-chanvre.com\/blog\/#website\"},\"datePublished\":\"2016-03-09T13:46:35+00:00\",\"dateModified\":\"2020-06-16T18:21:09+00:00\",\"breadcrumb\":{\"@id\":\"https:\/\/www.couleur-chanvre.com\/blog\/#breadcrumb\"},\"inLanguage\":\"fr-FR\",\"potentialAction\":[{\"@type\":\"ReadAction\",\"target\":[\"https:\/\/www.couleur-chanvre.com\/blog\/\"]}]},{\"@type\":\"BreadcrumbList\",\"@id\":\"https:\/\/www.couleur-chanvre.com\/blog\/#breadcrumb\",\"itemListElement\":[{\"@type\":\"ListItem\",\"position\":1,\"name\":\"Accueil\",\"item\":\"https:\/\/www.couleur-chanvre.com\/blog\/\"},{\"@type\":\"ListItem\",\"position\":2,\"name\":\"Le blog Couleur Chanvre\"}]},{\"@type\":\"WebSite\",\"@id\":\"https:\/\/www.couleur-chanvre.com\/blog\/#website\",\"url\":\"https:\/\/www.couleur-chanvre.com\/blog\/\",\"name\":\"Blog Couleur Chanvre\",\"description\":\"\",\"potentialAction\":[{\"@type\":\"SearchAction\",\"target\":{\"@type\":\"EntryPoint\",\"urlTemplate\":\"https:\/\/www.couleur-chanvre.com\/blog\/?s={search_term_string}\"},\"query-input\":{\"@type\":\"PropertyValueSpecification\",\"valueRequired\":true,\"valueName\":\"search_term_string\"}}],\"inLanguage\":\"fr-FR\"}]}<\/script>\n<!-- \/ Yoast SEO plugin. -->","yoast_head_json":{"title":"Le blog Couleur Chanvre - Blog Couleur Chanvre","robots":{"index":"index","follow":"follow","max-snippet":"max-snippet:-1","max-image-preview":"max-image-preview:large","max-video-preview":"max-video-preview:-1"},"canonical":"https:\/\/www.couleur-chanvre.com\/blog\/","og_locale":"fr_FR","og_type":"article","og_title":"Le blog Couleur Chanvre - Blog Couleur Chanvre","og_description":"[vc_row css_animation=\u00a0\u00bb\u00a0\u00bb row_type=\u00a0\u00bbrow\u00a0\u00bb use_row_as_full_screen_section=\u00a0\u00bbno\u00a0\u00bb type=\u00a0\u00bbgrid\u00a0\u00bb angled_section=\u00a0\u00bbno\u00a0\u00bb text_align=\u00a0\u00bbcenter\u00a0\u00bb background_image_as_pattern=\u00a0\u00bbwithout_pattern\u00a0\u00bb css=\u00a0\u00bb.vc_custom_1580251037234{padding-top: 150px !important;padding-bottom: 150px !important;background-image: url(https:\/\/www.couleur-chanvre.com\/blog\/wp-content\/uploads\/2020\/01\/blog-couleur-chanvre.jpg?id=3660) !important;background-position: center !important;background-repeat: no-repeat !important;background-size: cover !important;}\u00a0\u00bb][vc_column][vc_column_text css=\u00a0\u00bb.vc_custom_1580251149528{padding-top: 60px !important;padding-bottom: 10px !important;}\u00a0\u00bb] Le Blog CC [\/vc_column_text][vc_separator type=\u00a0\u00bbsmall\u00a0\u00bb position=\u00a0\u00bbcenter\u00a0\u00bb color=\u00a0\u00bb#919191&Prime;][vc_column_text css=\u00a0\u00bb.vc_custom_1580251122605{padding-top: 60px !important;padding-bottom: 50px !important;}\u00a0\u00bb] Nous avons pris notre plus belle plume&#8230;...","og_url":"https:\/\/www.couleur-chanvre.com\/blog\/","og_site_name":"Blog Couleur Chanvre","article_publisher":"https:\/\/fr-fr.facebook.com\/couleurchanvre","article_modified_time":"2020-06-16T18:21:09+00:00","twitter_card":"summary_large_image","twitter_misc":{"Dur\u00e9e de lecture estim\u00e9e":"6 minutes"},"schema":{"@context":"https:\/\/schema.org","@graph":[{"@type":"WebPage","@id":"https:\/\/www.couleur-chanvre.com\/blog\/","url":"https:\/\/www.couleur-chanvre.com\/blog\/","name":"Le blog Couleur Chanvre - Blog Couleur Chanvre","isPartOf":{"@id":"https:\/\/www.couleur-chanvre.com\/blog\/#website"},"datePublished":"2016-03-09T13:46:35+00:00","dateModified":"2020-06-16T18:21:09+00:00","breadcrumb":{"@id":"https:\/\/www.couleur-chanvre.com\/blog\/#breadcrumb"},"inLanguage":"fr-FR","potentialAction":[{"@type":"ReadAction","target":["https:\/\/www.couleur-chanvre.com\/blog\/"]}]},{"@type":"BreadcrumbList","@id":"https:\/\/www.couleur-chanvre.com\/blog\/#breadcrumb","itemListElement":[{"@type":"ListItem","position":1,"name":"Accueil","item":"https:\/\/www.couleur-chanvre.com\/blog\/"},{"@type":"ListItem","position":2,"name":"Le blog Couleur Chanvre"}]},{"@type":"WebSite","@id":"https:\/\/www.couleur-chanvre.com\/blog\/#website","url":"https:\/\/www.couleur-chanvre.com\/blog\/","name":"Blog Couleur Chanvre","description":"","potentialAction":[{"@type":"SearchAction","target":{"@type":"EntryPoint","urlTemplate":"https:\/\/www.couleur-chanvre.com\/blog\/?s={search_term_string}"},"query-input":{"@type":"PropertyValueSpecification","valueRequired":true,"valueName":"search_term_string"}}],"inLanguage":"fr-FR"}]}},"_links":{"self":[{"href":"https:\/\/www.couleur-chanvre.com\/blog\/wp-json\/wp\/v2\/pages\/414"}],"collection":[{"href":"https:\/\/www.couleur-chanvre.com\/blog\/wp-json\/wp\/v2\/pages"}],"about":[{"href":"https:\/\/www.couleur-chanvre.com\/blog\/wp-json\/wp\/v2\/types\/page"}],"author":[{"embeddable":true,"href":"https:\/\/www.couleur-chanvre.com\/blog\/wp-json\/wp\/v2\/users\/3"}],"replies":[{"embeddable":true,"href":"https:\/\/www.couleur-chanvre.com\/blog\/wp-json\/wp\/v2\/comments?post=414"}],"version-history":[{"count":102,"href":"https:\/\/www.couleur-chanvre.com\/blog\/wp-json\/wp\/v2\/pages\/414\/revisions"}],"predecessor-version":[{"id":3824,"href":"https:\/\/www.couleur-chanvre.com\/blog\/wp-json\/wp\/v2\/pages\/414\/revisions\/3824"}],"wp:attachment":[{"href":"https:\/\/www.couleur-chanvre.com\/blog\/wp-json\/wp\/v2\/media?parent=414"}],"curies":[{"name":"wp","href":"https:\/\/api.w.org\/{rel}","templated":true}]}}